{"id":10244,"date":"2025-03-06T09:38:27","date_gmt":"2025-03-06T08:38:27","guid":{"rendered":"https:\/\/onment.com\/?page_id=10244"},"modified":"2025-04-09T09:42:29","modified_gmt":"2025-04-09T07:42:29","slug":"lectura-amb-glifing","status":"publish","type":"page","link":"https:\/\/onment.com\/es\/lectura-amb-glifing\/","title":{"rendered":"Lectura con Glifing"},"content":{"rendered":"<div data-elementor-type=\"wp-page\" data-elementor-id=\"10244\" class=\"elementor elementor-10244\">\n\t\t\t\t<div class=\"elementor-element elementor-element-5cec6e3 e-con-full e-flex parallax_section_no qode_elementor_container_no e-con e-parent\" data-id=\"5cec6e3\" data-element_type=\"container\" data-e-type=\"container\" data-settings=\"{&quot;background_background&quot;:&quot;classic&quot;}\">\n\t\t<div class=\"elementor-element elementor-element-1b9ef473 e-con-full elementor-hidden-mobile e-flex parallax_section_no qode_elementor_container_no e-con e-child\" data-id=\"1b9ef473\" data-element_type=\"container\" data-e-type=\"container\">\n\t\t\t\t<div class=\"elementor-element elementor-element-30b30b1a elementor-widget elementor-widget-bridge_icon\" data-id=\"30b30b1a\" data-element_type=\"widget\" data-e-type=\"widget\" data-widget_type=\"bridge_icon.default\">\n\t\t\t\t<div class=\"elementor-widget-container\">\n\t\t\t\t\t<span data-type=\"normal\"  class=\"qode_icon_shortcode  q_font_awsome_icon fa-lg pull-left\" style=\" \"><span aria-hidden=\"true\" class=\"qode_icon_font_elegant icon_circle-empty qode_icon_element\" style=\"font-size: 12px;color: #1B3942;\" ><\/span><\/span>\t\t\t\t<\/div>\n\t\t\t\t<\/div>\n\t\t\t\t<div class=\"elementor-element elementor-element-47a56f50 elementor-widget elementor-widget-bridge_custom_font\" data-id=\"47a56f50\" data-element_type=\"widget\" data-e-type=\"widget\" data-widget_type=\"bridge_custom_font.default\">\n\t\t\t\t<div class=\"elementor-widget-container\">\n\t\t\t\t\t<div class=\"custom_font_holder\" style=\"font-family: Source Sans Pro; font-style: normal; font-weight: 600; color: #1B3942; text-decoration: none; letter-spacing: 1.728px; text-align: left; --qode-cf-font-size: 15px; --qode-cf-line-height: 22px; --qode-cf-font-size-1440: 15px; --qode-cf-line-height-1440: 22px; --qode-cf-font-size-1366: 15px; --qode-cf-line-height-1366: 22px; --qode-cf-font-size-1280: 15px; --qode-cf-line-height-1280: 22px; --qode-cf-font-size-1024: 15px; --qode-cf-line-height-1024: 22px; --qode-cf-font-size-768: 15px; --qode-cf-line-height-768: 22px; --qode-cf-font-size-680: 15px; --qode-cf-line-height-680: 22px; --qode-cf-font-size-480: 15px; --qode-cf-line-height-480: 22px;\">LECTURA AMB GLIFING<\/div>\t\t\t\t<\/div>\n\t\t\t\t<\/div>\n\t\t\t\t<\/div>\n\t\t<div class=\"elementor-element elementor-element-766576a6 e-con-full e-flex parallax_section_no qode_elementor_container_no e-con e-child\" data-id=\"766576a6\" data-element_type=\"container\" data-e-type=\"container\">\n\t\t\t\t<div class=\"elementor-element elementor-element-2df0cb2d elementor-widget elementor-widget-heading\" data-id=\"2df0cb2d\" data-element_type=\"widget\" data-e-type=\"widget\" data-widget_type=\"heading.default\">\n\t\t\t\t<div class=\"elementor-widget-container\">\n\t\t\t\t\t<h1 class=\"elementor-heading-title elementor-size-default\">Lectura amb GLIFING\n<\/h1>\t\t\t\t<\/div>\n\t\t\t\t<\/div>\n\t\t\t\t<\/div>\n\t\t\t\t<\/div>\n\t\t<div class=\"elementor-element elementor-element-942dbca e-con-full qode_elementor_container_inner e-flex parallax_section_no e-con e-parent\" data-id=\"942dbca\" data-element_type=\"container\" data-e-type=\"container\" data-settings=\"{&quot;background_background&quot;:&quot;classic&quot;}\">\n\t\t\t\t<div class=\"elementor-element elementor-element-fedf0dc elementor-widget elementor-widget-bridge_image_hover\" data-id=\"fedf0dc\" data-element_type=\"widget\" data-e-type=\"widget\" data-widget_type=\"bridge_image_hover.default\">\n\t\t\t\t<div class=\"elementor-widget-container\">\n\t\t\t\t\t<div class=\"image_hover\" data-transition-delay=\"\"><div class=\"images_holder\"><img decoding=\"async\" itemprop=\"image\" class=\"\" src=\"https:\/\/onment.com\/wp-content\/uploads\/2015\/05\/GLIFING_3.jpg\" alt=\"Glifing\" style=\"\" \/><\/div><\/div>\t\t\t\t<\/div>\n\t\t\t\t<\/div>\n\t\t\t\t<\/div>\n\t\t<div class=\"elementor-element elementor-element-6ea55570 e-con-full qode_elementor_container_inner e-flex parallax_section_no e-con e-parent\" data-id=\"6ea55570\" data-element_type=\"container\" data-e-type=\"container\">\n\t\t<div class=\"elementor-element elementor-element-7ec7780f e-con-full e-flex parallax_section_no qode_elementor_container_no e-con e-child\" data-id=\"7ec7780f\" data-element_type=\"container\" data-e-type=\"container\">\n\t\t<div class=\"elementor-element elementor-element-6ed308d9 e-flex e-con-boxed parallax_section_no qode_elementor_container_no e-con e-child\" data-id=\"6ed308d9\" data-element_type=\"container\" data-e-type=\"container\">\n\t\t\t\t\t<div class=\"e-con-inner\">\n\t\t\t\t<div class=\"elementor-element elementor-element-618fb466 elementor-widget elementor-widget-bridge_icon\" data-id=\"618fb466\" data-element_type=\"widget\" data-e-type=\"widget\" data-widget_type=\"bridge_icon.default\">\n\t\t\t\t<div class=\"elementor-widget-container\">\n\t\t\t\t\t<span data-type=\"normal\"  class=\"qode_icon_shortcode  q_font_awsome_icon fa-lg pull-left\" style=\" \"><span aria-hidden=\"true\" class=\"qode_icon_font_elegant icon_circle-empty qode_icon_element\" style=\"font-size: 12px;color: #1B3942;\" ><\/span><\/span>\t\t\t\t<\/div>\n\t\t\t\t<\/div>\n\t\t\t\t<div class=\"elementor-element elementor-element-7c55d523 elementor-widget elementor-widget-bridge_custom_font\" data-id=\"7c55d523\" data-element_type=\"widget\" data-e-type=\"widget\" data-widget_type=\"bridge_custom_font.default\">\n\t\t\t\t<div class=\"elementor-widget-container\">\n\t\t\t\t\t<div class=\"custom_font_holder\" style=\"font-family: Source Sans Pro; font-style: normal; font-weight: 600; color: #1B3942; text-decoration: none; letter-spacing: 1.728px; text-align: left; --qode-cf-font-size: 15px; --qode-cf-line-height: 22px; --qode-cf-font-size-1440: 15px; --qode-cf-line-height-1440: 22px; --qode-cf-font-size-1366: 15px; --qode-cf-line-height-1366: 22px; --qode-cf-font-size-1280: 15px; --qode-cf-line-height-1280: 22px; --qode-cf-font-size-1024: 15px; --qode-cf-line-height-1024: 22px; --qode-cf-font-size-768: 15px; --qode-cf-line-height-768: 22px; --qode-cf-font-size-680: 15px; --qode-cf-line-height-680: 22px; --qode-cf-font-size-480: 15px; --qode-cf-line-height-480: 22px;\">LECTURA AMB GLIFING<\/div>\t\t\t\t<\/div>\n\t\t\t\t<\/div>\n\t\t\t\t\t<\/div>\n\t\t\t\t<\/div>\n\t\t<div class=\"elementor-element elementor-element-534bcb79 e-flex e-con-boxed parallax_section_no qode_elementor_container_no e-con e-child\" data-id=\"534bcb79\" data-element_type=\"container\" data-e-type=\"container\">\n\t\t\t\t\t<div class=\"e-con-inner\">\n\t\t\t\t<div class=\"elementor-element elementor-element-6b2213c4 elementor-widget elementor-widget-heading\" data-id=\"6b2213c4\" data-element_type=\"widget\" data-e-type=\"widget\" data-widget_type=\"heading.default\">\n\t\t\t\t<div class=\"elementor-widget-container\">\n\t\t\t\t\t<h2 class=\"elementor-heading-title elementor-size-default\">Entrenem la lectura amb el joc d'en Glif!<\/h2>\t\t\t\t<\/div>\n\t\t\t\t<\/div>\n\t\t\t\t<div class=\"elementor-element elementor-element-ebb45e8 elementor-widget-mobile__width-initial elementor-widget elementor-widget-bridge_blockquote\" data-id=\"ebb45e8\" data-element_type=\"widget\" data-e-type=\"widget\" data-widget_type=\"bridge_blockquote.default\">\n\t\t\t\t<div class=\"elementor-widget-container\">\n\t\t\t\t\t<blockquote class='with_quote_icon' style=''><i class='fa fa-quote-right' style=''><\/i><h5 class='blockquote-text' style=''>Un m\u00e8tode d\u2019entrenament de la lectura que s\u2019adapta a cada nen i entrena la lectura a trav\u00e9s d\u2019un joc d\u2019ordinador.<\/h5><\/blockquote>\t\t\t\t<\/div>\n\t\t\t\t<\/div>\n\t\t\t\t\t<\/div>\n\t\t\t\t<\/div>\n\t\t\t\t<\/div>\n\t\t<div class=\"elementor-element elementor-element-40476c39 e-con-full e-flex parallax_section_no qode_elementor_container_no e-con e-child\" data-id=\"40476c39\" data-element_type=\"container\" data-e-type=\"container\">\n\t\t\t\t<div class=\"elementor-element elementor-element-1d57ca5 elementor-widget elementor-widget-bridge_image_hover\" data-id=\"1d57ca5\" data-element_type=\"widget\" data-e-type=\"widget\" data-widget_type=\"bridge_image_hover.default\">\n\t\t\t\t<div class=\"elementor-widget-container\">\n\t\t\t\t\t<div class=\"image_hover\" data-transition-delay=\"\"><div class=\"images_holder\"><img decoding=\"async\" itemprop=\"image\" class=\"\" src=\"https:\/\/onment.com\/wp-content\/uploads\/2025\/03\/DifApr-glifing2.jpg\" alt=\"Lectura amb Glifing\" style=\"\" \/><\/div><\/div>\t\t\t\t<\/div>\n\t\t\t\t<\/div>\n\t\t\t\t<\/div>\n\t\t\t\t<\/div>\n\t\t<div class=\"elementor-element elementor-element-a5e0263 e-con-full qode_elementor_container_inner e-flex parallax_section_no e-con e-parent\" data-id=\"a5e0263\" data-element_type=\"container\" data-e-type=\"container\">\n\t\t<div class=\"elementor-element elementor-element-e36fbce e-con-full e-flex parallax_section_no qode_elementor_container_no e-con e-child\" data-id=\"e36fbce\" data-element_type=\"container\" data-e-type=\"container\">\n\t\t<div class=\"elementor-element elementor-element-7d21443 e-flex e-con-boxed parallax_section_no qode_elementor_container_no e-con e-child\" data-id=\"7d21443\" data-element_type=\"container\" data-e-type=\"container\">\n\t\t\t\t\t<div class=\"e-con-inner\">\n\t\t\t\t<div class=\"elementor-element elementor-element-856d50f elementor-widget__width-initial elementor-widget elementor-widget-heading\" data-id=\"856d50f\" data-element_type=\"widget\" data-e-type=\"widget\" data-widget_type=\"heading.default\">\n\t\t\t\t<div class=\"elementor-widget-container\">\n\t\t\t\t\t<h2 class=\"elementor-heading-title elementor-size-default\">Com funciona el m\u00e8tode Glifing?<\/h2>\t\t\t\t<\/div>\n\t\t\t\t<\/div>\n\t\t\t\t<div class=\"elementor-element elementor-element-ff76f80 elementor-widget elementor-widget-bridge_icon_text\" data-id=\"ff76f80\" data-element_type=\"widget\" data-e-type=\"widget\" data-widget_type=\"bridge_icon_text.default\">\n\t\t\t\t<div class=\"elementor-widget-container\">\n\t\t\t\t\t<div class='q_icon_with_title tiny custom_icon_image'><div class=\"icon_holder\" style=\" \"><img decoding=\"async\" src=\"https:\/\/onment.com\/wp-content\/uploads\/2023\/11\/service-icon.png\" alt=\"y\"><\/div><div class=\"icon_text_holder\" style=\"\"><div class=\"icon_text_inner\" style=\"\"><h6 class=\"icon_title\" style=\"\"><\/h6><p style=''>\u201cUn m\u00e8tode d\u2019entrenament de la lectura que s\u2019adapta a cada nen i entrena la lectura a trav\u00e9s d\u2019un joc d\u2019ordinador.\u201d<\/p><\/div><\/div><\/div>\t\t\t\t<\/div>\n\t\t\t\t<\/div>\n\t\t\t\t<div class=\"elementor-element elementor-element-821258b elementor-widget elementor-widget-bridge_icon_text\" data-id=\"821258b\" data-element_type=\"widget\" data-e-type=\"widget\" data-widget_type=\"bridge_icon_text.default\">\n\t\t\t\t<div class=\"elementor-widget-container\">\n\t\t\t\t\t<div class='q_icon_with_title tiny custom_icon_image'><div class=\"icon_holder\" style=\" \"><img decoding=\"async\" src=\"https:\/\/onment.com\/wp-content\/uploads\/2023\/11\/service-icon.png\" alt=\"y\"><\/div><div class=\"icon_text_holder\" style=\"\"><div class=\"icon_text_inner\" style=\"\"><h6 class=\"icon_title\" style=\"\"><\/h6><p style=''>Un m\u00e8tode desenvolupat per especialistes amb el qual entrenem, de manera sistem\u00e0tica i l\u00fadica, les habilitats lectores dels nens i nenes amb dificultats de lectura.<\/p><\/div><\/div><\/div>\t\t\t\t<\/div>\n\t\t\t\t<\/div>\n\t\t\t\t\t<\/div>\n\t\t\t\t<\/div>\n\t\t\t\t<\/div>\n\t\t\t\t<\/div>\n\t\t<div class=\"elementor-element elementor-element-7180d414 e-con-full qode_elementor_container_inner e-flex parallax_section_no e-con e-parent\" data-id=\"7180d414\" data-element_type=\"container\" data-e-type=\"container\" data-settings=\"{&quot;background_background&quot;:&quot;classic&quot;}\">\n\t\t<div class=\"elementor-element elementor-element-232ba523 e-con-full e-flex parallax_section_no qode_elementor_container_no e-con e-child\" data-id=\"232ba523\" data-element_type=\"container\" data-e-type=\"container\">\n\t\t<div class=\"elementor-element elementor-element-38b4398b e-con-full e-flex parallax_section_no qode_elementor_container_no e-con e-child\" data-id=\"38b4398b\" data-element_type=\"container\" data-e-type=\"container\">\n\t\t\t\t<div class=\"elementor-element elementor-element-29a1fa1 elementor-widget elementor-widget-heading\" data-id=\"29a1fa1\" data-element_type=\"widget\" data-e-type=\"widget\" data-widget_type=\"heading.default\">\n\t\t\t\t<div class=\"elementor-widget-container\">\n\t\t\t\t\t<h4 class=\"elementor-heading-title elementor-size-default\">Avaluem<\/h4>\t\t\t\t<\/div>\n\t\t\t\t<\/div>\n\t\t\t\t<div class=\"elementor-element elementor-element-11ae2625 elementor-widget elementor-widget-text-editor\" data-id=\"11ae2625\" data-element_type=\"widget\" data-e-type=\"widget\" data-widget_type=\"text-editor.default\">\n\t\t\t\t<div class=\"elementor-widget-container\">\n\t\t\t\t\t\t\t\t\t<p>En pocs minuts, gr\u00e0cies a una prova Glifing dissenyada per especialistes podem con\u00e8ixer el perfil lector del nen de manera precisa i objectiva.<\/p>\t\t\t\t\t\t\t\t<\/div>\n\t\t\t\t<\/div>\n\t\t\t\t<\/div>\n\t\t<div class=\"elementor-element elementor-element-75b6e2d5 e-flex e-con-boxed parallax_section_no qode_elementor_container_no e-con e-child\" data-id=\"75b6e2d5\" data-element_type=\"container\" data-e-type=\"container\">\n\t\t\t\t\t<div class=\"e-con-inner\">\n\t\t\t\t<div class=\"elementor-element elementor-element-48e51d8c elementor-widget elementor-widget-heading\" data-id=\"48e51d8c\" data-element_type=\"widget\" data-e-type=\"widget\" data-widget_type=\"heading.default\">\n\t\t\t\t<div class=\"elementor-widget-container\">\n\t\t\t\t\t<h4 class=\"elementor-heading-title elementor-size-default\">Analitzem<\/h4>\t\t\t\t<\/div>\n\t\t\t\t<\/div>\n\t\t\t\t<div class=\"elementor-element elementor-element-1c2e8e6 elementor-widget elementor-widget-text-editor\" data-id=\"1c2e8e6\" data-element_type=\"widget\" data-e-type=\"widget\" data-widget_type=\"text-editor.default\">\n\t\t\t\t<div class=\"elementor-widget-container\">\n\t\t\t\t\t\t\t\t\t<p>Les dades obtingudes en l\u2019avaluaci\u00f3 Glifing i al llarg de l\u2019entrenament, permeten al professional de refer\u00e8ncia saber en tot moment qu\u00e8 \u00e9s exactament all\u00f2 que el nen necessita refor\u00e7ar.<\/p>\t\t\t\t\t\t\t\t<\/div>\n\t\t\t\t<\/div>\n\t\t\t\t\t<\/div>\n\t\t\t\t<\/div>\n\t\t<div class=\"elementor-element elementor-element-1edde74c e-flex e-con-boxed parallax_section_no qode_elementor_container_no e-con e-child\" data-id=\"1edde74c\" data-element_type=\"container\" data-e-type=\"container\">\n\t\t\t\t\t<div class=\"e-con-inner\">\n\t\t\t\t<div class=\"elementor-element elementor-element-2969220e elementor-widget elementor-widget-heading\" data-id=\"2969220e\" data-element_type=\"widget\" data-e-type=\"widget\" data-widget_type=\"heading.default\">\n\t\t\t\t<div class=\"elementor-widget-container\">\n\t\t\t\t\t<h4 class=\"elementor-heading-title elementor-size-default\">Entrenem<\/h4>\t\t\t\t<\/div>\n\t\t\t\t<\/div>\n\t\t\t\t<div class=\"elementor-element elementor-element-5494a444 elementor-widget elementor-widget-text-editor\" data-id=\"5494a444\" data-element_type=\"widget\" data-e-type=\"widget\" data-widget_type=\"text-editor.default\">\n\t\t\t\t<div class=\"elementor-widget-container\">\n\t\t\t\t\t\t\t\t\t<p>Des de casa, amb un ordinador i fent de la lectura un joc. El nen treballa amb el Glifing entre 15 i 20 minuts al dia 4 dies a la setmana.<\/p>\t\t\t\t\t\t\t\t<\/div>\n\t\t\t\t<\/div>\n\t\t\t\t\t<\/div>\n\t\t\t\t<\/div>\n\t\t<div class=\"elementor-element elementor-element-c4d56f7 e-con-full e-flex parallax_section_no qode_elementor_container_no e-con e-child\" data-id=\"c4d56f7\" data-element_type=\"container\" data-e-type=\"container\">\n\t\t\t\t<div class=\"elementor-element elementor-element-606da82 elementor-widget elementor-widget-heading\" data-id=\"606da82\" data-element_type=\"widget\" data-e-type=\"widget\" data-widget_type=\"heading.default\">\n\t\t\t\t<div class=\"elementor-widget-container\">\n\t\t\t\t\t<h4 class=\"elementor-heading-title elementor-size-default\">Millorem<\/h4>\t\t\t\t<\/div>\n\t\t\t\t<\/div>\n\t\t\t\t<div class=\"elementor-element elementor-element-84f9204 elementor-widget elementor-widget-text-editor\" data-id=\"84f9204\" data-element_type=\"widget\" data-e-type=\"widget\" data-widget_type=\"text-editor.default\">\n\t\t\t\t<div class=\"elementor-widget-container\">\n\t\t\t\t\t\t\t\t\t<p>El primer que millora \u00e9s l\u2019actitud vers la lectura i l\u2019autoestima. Tamb\u00e9 descendeix el nombre d\u2019errors de manera significativa alhora que va augmentant la velocitat de lectura.<\/p>\t\t\t\t\t\t\t\t<\/div>\n\t\t\t\t<\/div>\n\t\t\t\t<\/div>\n\t\t\t\t<\/div>\n\t\t\t\t<\/div>\n\t\t<div class=\"elementor-element elementor-element-838809a e-con-full qode_elementor_container_inner e-flex parallax_section_no e-con e-parent\" data-id=\"838809a\" data-element_type=\"container\" data-e-type=\"container\">\n\t\t<div class=\"elementor-element elementor-element-8f57b09 e-con-full e-flex parallax_section_no qode_elementor_container_no e-con e-child\" data-id=\"8f57b09\" data-element_type=\"container\" data-e-type=\"container\">\n\t\t\t\t<div class=\"elementor-element elementor-element-9fc3a09 elementor-widget elementor-widget-video\" data-id=\"9fc3a09\" data-element_type=\"widget\" data-e-type=\"widget\" data-settings=\"{&quot;youtube_url&quot;:&quot;https:\\\/\\\/youtu.be\\\/wj4AB2YsqGk?si=4qWX0VdQEV9MuDpv&quot;,&quot;video_type&quot;:&quot;youtube&quot;,&quot;controls&quot;:&quot;yes&quot;}\" data-widget_type=\"video.default\">\n\t\t\t\t<div class=\"elementor-widget-container\">\n\t\t\t\t\t\t\t<div class=\"elementor-wrapper elementor-open-inline\">\n\t\t\t<div class=\"elementor-video\"><\/div>\t\t<\/div>\n\t\t\t\t\t\t<\/div>\n\t\t\t\t<\/div>\n\t\t\t\t<\/div>\n\t\t<div class=\"elementor-element elementor-element-6f155dd e-con-full e-flex parallax_section_no qode_elementor_container_no e-con e-child\" data-id=\"6f155dd\" data-element_type=\"container\" data-e-type=\"container\">\n\t\t\t\t<div class=\"elementor-element elementor-element-3616e85 elementor-widget elementor-widget-text-editor\" data-id=\"3616e85\" data-element_type=\"widget\" data-e-type=\"widget\" data-widget_type=\"text-editor.default\">\n\t\t\t\t<div class=\"elementor-widget-container\">\n\t\t\t\t\t\t\t\t\t<div id=\"pg-5308-6\" class=\"panel-grid panel-no-style\"><div id=\"pgc-5308-6-0\" class=\"panel-grid-cell\"><div id=\"panel-5308-6-0-1\" class=\"so-panel widget widget_black-studio-tinymce widget_black_studio_tinymce panel-last-child\" data-index=\"13\"><div class=\"textwidget\"><p>Tant tu com el teu professional de refer\u00e8ncia podreu consultar en tot moment l&#8217;evoluci\u00f3 de l&#8217;entrenament i la millora de les habilitats lectores.<\/p><p>El perfil lector s&#8217;actualitza cada vegada que finalitzes una sessi\u00f3 d&#8217;entrenament, amb la qual cosa no nom\u00e9s podem ajustar la pauta, tamb\u00e9 mantenim la motivaci\u00f3.<\/p><\/div><\/div><\/div><div id=\"pgc-5308-6-1\" class=\"panel-grid-cell\"><div id=\"panel-5308-6-1-0\" class=\"so-panel widget panel-first-child\" data-index=\"14\">\u00a0<\/div><div id=\"panel-5308-6-1-1\" class=\"so-panel widget widget_black-studio-tinymce widget_black_studio_tinymce panel-last-child\" data-index=\"15\"><div class=\"textwidget\"><p>Els materials d&#8217;entrenament del M\u00e8tode Glifing han estat elaborats per professionals partint de les darreres aportacions cient\u00edfiques en mat\u00e8ria d&#8217;aprenentatge de la lectura i d&#8217;una recerca constant.<\/p><p>\u00a0<\/p><p>La seva sistematitzaci\u00f3 permet que els professionals puguin adaptar al m\u00e0xim la pauta d&#8217;entrenament, emprant materials ideats per treballar espec\u00edficament all\u00f2 que el nen necessita.<\/p><\/div><\/div><\/div><\/div>\t\t\t\t\t\t\t\t<\/div>\n\t\t\t\t<\/div>\n\t\t\t\t<\/div>\n\t\t\t\t<\/div>\n\t\t<div class=\"elementor-element elementor-element-0aa0051 e-con-full qode_elementor_container_inner e-flex parallax_section_no e-con e-parent\" data-id=\"0aa0051\" data-element_type=\"container\" data-e-type=\"container\">\n\t\t<div class=\"elementor-element elementor-element-b26aa19 e-con-full e-flex parallax_section_no qode_elementor_container_no e-con e-child\" data-id=\"b26aa19\" data-element_type=\"container\" data-e-type=\"container\">\n\t\t<div class=\"elementor-element elementor-element-31fd891 e-con-full elementor-hidden-desktop elementor-hidden-tablet e-flex parallax_section_no qode_elementor_container_no e-con e-child\" data-id=\"31fd891\" data-element_type=\"container\" data-e-type=\"container\">\n\t\t\t\t<div class=\"elementor-element elementor-element-4b55b4e elementor-widget elementor-widget-video\" data-id=\"4b55b4e\" data-element_type=\"widget\" data-e-type=\"widget\" data-settings=\"{&quot;youtube_url&quot;:&quot;https:\\\/\\\/youtu.be\\\/Fo5bT0UytXg?si=Cxp-qkjr1hAsbvKG&quot;,&quot;video_type&quot;:&quot;youtube&quot;,&quot;controls&quot;:&quot;yes&quot;}\" data-widget_type=\"video.default\">\n\t\t\t\t<div class=\"elementor-widget-container\">\n\t\t\t\t\t\t\t<div class=\"elementor-wrapper elementor-open-inline\">\n\t\t\t<div class=\"elementor-video\"><\/div>\t\t<\/div>\n\t\t\t\t\t\t<\/div>\n\t\t\t\t<\/div>\n\t\t\t\t<\/div>\n\t\t\t\t<div class=\"elementor-element elementor-element-6013493 elementor-widget elementor-widget-text-editor\" data-id=\"6013493\" data-element_type=\"widget\" data-e-type=\"widget\" data-widget_type=\"text-editor.default\">\n\t\t\t\t<div class=\"elementor-widget-container\">\n\t\t\t\t\t\t\t\t\t<div id=\"pg-5308-6\" class=\"panel-grid panel-no-style\"><div id=\"pgc-5308-6-0\" class=\"panel-grid-cell\"><div id=\"panel-5308-6-0-1\" class=\"so-panel widget widget_black-studio-tinymce widget_black_studio_tinymce panel-last-child\" data-index=\"13\"><div class=\"textwidget\"><div id=\"pgc-5308-7-0\" class=\"panel-grid-cell\"><div id=\"panel-5308-7-0-1\" class=\"so-panel widget widget_black-studio-tinymce widget_black_studio_tinymce panel-last-child\" data-index=\"17\"><div class=\"textwidget\"><p>Una recerca cient\u00edfica constant, aportacions multidisciplin\u00e0ries i la voluntat d&#8217;adaptar l&#8217;entrenament a cada nen, fan que el M\u00e8tode Glifing estigui en continu creixement.<\/p><p>El nostre objectiu \u00e9s ajudar-te a millorar la lectura. Al servei d&#8217;aquest objectiu posem els nostres coneixements i la nostra experi\u00e8ncia per tal de fer que la teva experi\u00e8ncia Glifing sigui la millor possible.<\/p><\/div><\/div><\/div><div id=\"pgc-5308-7-1\" class=\"panel-grid-cell\"><div id=\"panel-5308-7-1-0\" class=\"so-panel widget panel-first-child\" data-index=\"18\">\u00a0<\/div><div id=\"panel-5308-7-1-1\" class=\"so-panel widget widget_black-studio-tinymce widget_black_studio_tinymce panel-last-child\" data-index=\"19\"><div class=\"textwidget\"><p>Entrenar la lectura amb el M\u00e8tode Glifing \u00e9s un joc.<\/p><p>A trav\u00e9s de diferents activitats i din\u00e0miques entrenem la lectura de manera divertida i motivadora.\u00a0 El joc consisteix a superar-se un mateix enfortint les habilitats lectores. Fem \u00e8mfasi en el valor de l&#8217;esfor\u00e7, la const\u00e0ncia, el refor\u00e7 positiu i la resili\u00e8ncia.<\/p><\/div><\/div><\/div><\/div><\/div><\/div><\/div>\t\t\t\t\t\t\t\t<\/div>\n\t\t\t\t<\/div>\n\t\t\t\t<\/div>\n\t\t<div class=\"elementor-element elementor-element-a22c5d4 e-con-full elementor-hidden-mobile e-flex parallax_section_no qode_elementor_container_no e-con e-child\" data-id=\"a22c5d4\" data-element_type=\"container\" data-e-type=\"container\">\n\t\t\t\t<div class=\"elementor-element elementor-element-4f7f903 elementor-widget elementor-widget-video\" data-id=\"4f7f903\" data-element_type=\"widget\" data-e-type=\"widget\" data-settings=\"{&quot;youtube_url&quot;:&quot;https:\\\/\\\/youtu.be\\\/Fo5bT0UytXg?si=Cxp-qkjr1hAsbvKG&quot;,&quot;video_type&quot;:&quot;youtube&quot;,&quot;controls&quot;:&quot;yes&quot;}\" data-widget_type=\"video.default\">\n\t\t\t\t<div class=\"elementor-widget-container\">\n\t\t\t\t\t\t\t<div class=\"elementor-wrapper elementor-open-inline\">\n\t\t\t<div class=\"elementor-video\"><\/div>\t\t<\/div>\n\t\t\t\t\t\t<\/div>\n\t\t\t\t<\/div>\n\t\t\t\t<\/div>\n\t\t\t\t<\/div>\n\t\t<div class=\"elementor-element elementor-element-956434b e-con-full qode_elementor_container_inner e-flex parallax_section_no e-con e-parent\" data-id=\"956434b\" data-element_type=\"container\" data-e-type=\"container\" data-settings=\"{&quot;background_background&quot;:&quot;classic&quot;}\">\n\t\t<div class=\"elementor-element elementor-element-b7bbea1 e-con-full e-flex parallax_section_no qode_elementor_container_no e-con e-child\" data-id=\"b7bbea1\" data-element_type=\"container\" data-e-type=\"container\">\n\t\t<div class=\"elementor-element elementor-element-a17e032 e-flex e-con-boxed parallax_section_no qode_elementor_container_no e-con e-child\" data-id=\"a17e032\" data-element_type=\"container\" data-e-type=\"container\">\n\t\t\t\t\t<div class=\"e-con-inner\">\n\t\t\t\t<div class=\"elementor-element elementor-element-38f543c elementor-widget elementor-widget-bridge_blockquote\" data-id=\"38f543c\" data-element_type=\"widget\" data-e-type=\"widget\" data-widget_type=\"bridge_blockquote.default\">\n\t\t\t\t<div class=\"elementor-widget-container\">\n\t\t\t\t\t<blockquote class='with_quote_icon' style=''><i class='fa fa-quote-right' style=''><\/i><h5 class='blockquote-text' style=''>El resultat \u00e9s una lectura m\u00e9s flu\u00efda i una millor comprensi\u00f3.<\/h5><\/blockquote>\t\t\t\t<\/div>\n\t\t\t\t<\/div>\n\t\t\t\t\t<\/div>\n\t\t\t\t<\/div>\n\t\t\t\t<\/div>\n\t\t\t\t<\/div>\n\t\t\t\t<\/div>","protected":false},"excerpt":{"rendered":"<p>LECTURA AMB GLIFING Lectura amb GLIFING LECTURA AMB GLIFING Entrenem la lectura amb el joc d&#8217;en Glif! Un m\u00e8tode d\u2019entrenament de la lectura que s\u2019adapta a cada nen i entrena la lectura a trav\u00e9s d\u2019un joc d\u2019ordinador. Com funciona el m\u00e8tode Glifing? \u201cUn m\u00e8tode d\u2019entrenament&#8230;<\/p>","protected":false},"author":1,"featured_media":0,"parent":0,"menu_order":0,"comment_status":"closed","ping_status":"closed","template":"full_width.php","meta":{"content-type":"","footnotes":""},"class_list":["post-10244","page","type-page","status-publish","hentry"],"_links":{"self":[{"href":"https:\/\/onment.com\/es\/wp-json\/wp\/v2\/pages\/10244","targetHints":{"allow":["GET"]}}],"collection":[{"href":"https:\/\/onment.com\/es\/wp-json\/wp\/v2\/pages"}],"about":[{"href":"https:\/\/onment.com\/es\/wp-json\/wp\/v2\/types\/page"}],"author":[{"embeddable":true,"href":"https:\/\/onment.com\/es\/wp-json\/wp\/v2\/users\/1"}],"replies":[{"embeddable":true,"href":"https:\/\/onment.com\/es\/wp-json\/wp\/v2\/comments?post=10244"}],"version-history":[{"count":0,"href":"https:\/\/onment.com\/es\/wp-json\/wp\/v2\/pages\/10244\/revisions"}],"wp:attachment":[{"href":"https:\/\/onment.com\/es\/wp-json\/wp\/v2\/media?parent=10244"}],"curies":[{"name":"wp","href":"https:\/\/api.w.org\/{rel}","templated":true}]}}