{"id":10633,"date":"2025-03-12T09:34:30","date_gmt":"2025-03-12T08:34:30","guid":{"rendered":"https:\/\/onment.com\/?page_id=10633"},"modified":"2025-03-12T09:43:11","modified_gmt":"2025-03-12T08:43:11","slug":"politica-de-cookies","status":"publish","type":"page","link":"https:\/\/onment.com\/es\/politica-de-cookies\/","title":{"rendered":"Pol\u00edtica de cookies"},"content":{"rendered":"<div data-elementor-type=\"wp-page\" data-elementor-id=\"10633\" class=\"elementor elementor-10633\">\n\t\t\t\t<div class=\"elementor-element elementor-element-3158dd10 e-flex e-con-boxed parallax_section_no qode_elementor_container_no e-con e-parent\" data-id=\"3158dd10\" data-element_type=\"container\" data-e-type=\"container\" data-settings=\"{&quot;background_background&quot;:&quot;classic&quot;}\">\n\t\t\t\t\t<div class=\"e-con-inner\">\n\t\t\t\t<div class=\"elementor-element elementor-element-4f5115e elementor-widget elementor-widget-text-editor\" data-id=\"4f5115e\" data-element_type=\"widget\" data-e-type=\"widget\" data-widget_type=\"text-editor.default\">\n\t\t\t\t<div class=\"elementor-widget-container\">\n\t\t\t\t\t\t\t\t\t<div id=\"xarxes\">\u00a0<\/div><h2><strong>Pol\u00edtica de cookies<\/strong><\/h2><p>\u00a0<\/p><h3>INFORMACI\u00d3 SOBRE COOKIES<\/h3><p>\u00a0<\/p><p>A causa de l&#8217;entrada en vigor de la referent modificaci\u00f3 de la \u201cLlei de Serveis de la Societat de la Informaci\u00f3\u201d (LSSICE) establerta pel Reial decret 13\/2012, \u00e9s d&#8217;obligaci\u00f3 obtenir el consentiment expr\u00e9s de l&#8217;usuari de totes les p\u00e0gines web que usen cookies prescindibles, abans que aquest navegui per elles.<\/p><p>\u00a0<\/p><h4><strong>QU\u00c8 S\u00d3N LES COOKIES?<\/strong><\/h4><p>Les cookies i altres tecnologies similars tals com local shared objects, flaix cookies o p\u00edxels, s\u00f3n eines utilitzades pels servidors Web per a emmagatzemar i recuperar informaci\u00f3 sobre els seus visitants, aix\u00ed com per a oferir un correcte funcionament del lloc.<\/p><p>Utilitzem cookies pr\u00f2pies i de tercers per a millorar els nostres serveis, personalitzar el nostre lloc web, facilitar la navegaci\u00f3 dels nostres usuaris, proporcionar-li una millor experi\u00e8ncia en l&#8217;\u00fas del lloc web, identificar problemes per a millorar el mateix, fer mesuraments i estad\u00edstiques d&#8217;\u00fas i mostrar-li publicitat relacionada amb les seves prefer\u00e8ncies mitjan\u00e7ant l&#8217;an\u00e0lisi de l&#8217;\u00fas del lloc web.<\/p><p>\u00a0<\/p><h4><strong>Consentiment <\/strong><\/h4><p>L&#8217;informem que podem utilitzar cookies en el seu equip a condici\u00f3 que Vost\u00e8 hagi donat el seu consentiment, excepte en els sup\u00f2sits en els quals les cookies siguin necess\u00e0ries per a la navegaci\u00f3 pel nostre lloc web. En cas que Vost\u00e8 presti el seu consentiment, podrem utilitzar cookies que ens permetran tenir m\u00e9s informaci\u00f3 sobre les seves prefer\u00e8ncies i personalitzar el nostre lloc web de conformitat amb els seus interessos individuals.<\/p><p>\u00a0<\/p><p><strong>En funci\u00f3 de la seva durada les cookies poden ser:<\/strong><\/p><ul><li>De sessi\u00f3. S\u00f3n un tipus de cookies dissenyades per a recopilar i emmagatzemar dades mentre l&#8217;usuari accedeix a una p\u00e0gina web. Aquestes cookies no queden emmagatzemades en l&#8217;ordinador de l&#8217;usuari quan caduca la sessi\u00f3 o es tanca el navegador.<\/li><li>Persistents. S\u00f3n un tipus de cookies en el qual les dades segueixen emmagatzemats en l&#8217;ordinador de l&#8217;usuari i es poden accedir i tractades quan l&#8217;usuari abandona la p\u00e0gina web i quan es torni a connectar a ella. Aquestes cookies poden ser esborrades en qualsevol moment per l&#8217;Usuari.<\/li><\/ul><p>\u00a0<\/p><p><strong>En funci\u00f3 de l&#8217;entitat que les gestioni:<\/strong><\/p><ul><li>Cookies pr\u00f2pies: S\u00f3n aquelles que s&#8217;envien a l&#8217;equip terminal de l&#8217;usuari des d&#8217;un equip o domini gestionat pel titular de la p\u00e0gina web i des de la qual es presta el servei sol\u00b7licitat per l&#8217;usuari.<\/li><li>Cookies de tercer: S\u00f3n aquelles que s&#8217;envien a l&#8217;equip terminal de l&#8217;usuari des d&#8217;un equip o domini que no \u00e9s gestionat pel titular de la p\u00e0gina web des de la qual es presta el servei sol\u00b7licitat per l&#8217;usuari, sin\u00f3 per una altra entitat que tracta les dades obtingudes trav\u00e9s de les cookies. Aix\u00ed mateix, en el cas que les cookies siguin instal\u00b7lades des d&#8217;un equip o domini gestionat pel propi titular del lloc web per\u00f2 la informaci\u00f3 que es reculli mitjan\u00e7ant aquestes sigui gestionada per un tercer, tamb\u00e9 seran considerades com a cookies de tercers.<\/li><\/ul><p>\u00a0<\/p><p><strong>Segons la finalitat perseguida:<\/strong><\/p><ul><li>Cookies t\u00e8cniques. S\u00f3n aquelles que permeten a l&#8217;usuari la navegaci\u00f3 a trav\u00e9s d&#8217;una p\u00e0gina web, plataforma o aplicaci\u00f3 i la utilitzaci\u00f3 de les diferents opcions o serveis que en ella existeixin com, per exemple, controlar el tr\u00e0nsit i la comunicaci\u00f3 de dades, identificar la sessi\u00f3, accedir a parts d&#8217;acc\u00e9s restringit, recordar els elements que integren una comanda, realitzar el proc\u00e9s de compra d&#8217;una comanda, realitzar la sol\u00b7licitud d&#8217;inscripci\u00f3 o participaci\u00f3 en un esdeveniment, utilitzar elements de seguretat durant la navegaci\u00f3, emmagatzemar continguts per a la difusi\u00f3 de v\u00eddeos o so o compartir continguts a trav\u00e9s de xarxes socials.<\/li><li>Cookies de Geolocalitzaci\u00f3. S&#8217;utilitzen per a saber en quin lloc es troba un usuari quan sol\u00b7licita un servei. Aquesta cookie \u00e9s an\u00f2nima i s&#8217;usa per exemple per a oferir-li la informaci\u00f3 adequada depenent del pa\u00eds en el qual es trobi.<\/li><li>Cookies de personalitzaci\u00f3. S\u00f3n aquelles que permeten a l&#8217;usuari accedir al servei amb algunes caracter\u00edstiques de car\u00e0cter general predefinides en funci\u00f3 d&#8217;una s\u00e8rie de criteris en el terminal de l&#8217;usuari com per exemple serien l&#8217;idioma, el tipus de navegador a trav\u00e9s del qual accedeix al servei, la configuraci\u00f3 regional des d&#8217;on accedeix al servei, etc.<\/li><li>Cookies d&#8217;an\u00e0lisis. S\u00f3n aquelles que permeten al responsable d&#8217;aquestes, el seguiment i an\u00e0lisi del comportament dels usuaris del lloc web al qual estan vinculades. La informaci\u00f3 recollida mitjan\u00e7ant aquest tipus de cookies s&#8217;utilitza en el mesurament de l&#8217;activitat del lloc web, plataforma o aplicaci\u00f3 i per a l&#8217;elaboraci\u00f3 de perfils de navegaci\u00f3 dels usuaris d&#8217;aquest lloc web, plataforma o aplicaci\u00f3, amb la finalitat d&#8217;introduir millores en funci\u00f3 de l&#8217;an\u00e0lisi de les dades d&#8217;\u00fas que fan els usuaris.<\/li><li>Cookies publicit\u00e0ries. S\u00f3n aquelles que permeten gestionar de la forma m\u00e9s efica\u00e7 possible l&#8217;oferta dels espais publicitaris que hi ha en la p\u00e0gina web, adequant el contingut de l&#8217;anunci al contingut del servei sol\u00b7licitat o a l&#8217;\u00fas que realitzi de la nostra p\u00e0gina web.<\/li><li>Cookies de publicitat comportamental. S\u00f3n aquelles que permeten la gesti\u00f3, de la forma m\u00e9s efica\u00e7 possible, dels espais publicitaris que hi ha en la p\u00e0gina web. Aquestes cookies emmagatzemen informaci\u00f3 del comportament dels usuaris obtinguda a trav\u00e9s de l&#8217;observaci\u00f3 continuada dels seus h\u00e0bits de navegaci\u00f3, la qual cosa permet desenvolupar un perfil espec\u00edfic per a mostrar publicitat en funci\u00f3 d&#8217;aquest.<\/li><\/ul><p>\u00a0<\/p><h4><strong>COOKIES QUE UTILITZEM EN EL NOSTRE ESPAI WEB<\/strong><\/h4><ul><li>_lang: cookie t\u00e8cnica i estrictament necess\u00e0ria que cont\u00e9 l&#8217;idioma de la sessi\u00f3. S&#8217;elimina en tancar el navegador.<\/li><li>ac_cookies: cookie t\u00e8cnica i estrictament necess\u00e0ria que cont\u00e9 el valor de si s&#8217;ha acceptat la instal\u00b7laci\u00f3 de cookies. Caduca en 1 any des de l&#8217;\u00faltima actualitzaci\u00f3.<\/li><li>_ga: cookie de Google Analytics Universal que habilita la funci\u00f3 de control de visites \u00faniques. La primera vegada que un usuari entri al lloc web a trav\u00e9s d&#8217;un navegador s&#8217;instal\u00b7lar\u00e0 aquesta galeta. Quan aquest usuari torni a entrar a la web amb el mateix navegador, la galeta considerar\u00e0 que \u00e9s el mateix usuari. Nom\u00e9s en el cas que l&#8217;usuari canvi\u00ef de navegador, es considerar\u00e0 un altre usuari. Caduca als 2 anys des de l&#8217;\u00faltima actualitzaci\u00f3.<\/li><li>_gat: Aquesta cookie s&#8217;associa amb Google Analytics Universal. S&#8217;utilitza per limitar la velocitat de petici\u00f3 &#8211; la limitaci\u00f3 de la recollida de dades en els llocs d&#8217;alt tr\u00e0nsit. Caduca als 10 minuts.<\/li><li>_utma: cookie de Google Analytics que registra la data de la primera i \u00faltima vegada que l&#8217;usuari va vestir el lloc web. Caduca als 2 anys des de l&#8217;\u00faltima actualitzaci\u00f3.<\/li><li>_utmb: cookie de Google Analytics que registra l&#8217;hora d&#8217;arribada a la p\u00e0gina web. Caduca als 30 minuts des de l&#8217;\u00faltima actualitzaci\u00f3.<\/li><li>_utmc: cookie de Google Analytics utilitzada per a la interoperabilitat amb el codi de seguiment urchin.js. S&#8217;elimina en tancar el navegador.<\/li><li>_utmt: cookie de Google Analytics utilitzada per a processar el tipus de sol\u00b7licitud demanada per l&#8217;usuari. Caduca en finalitzar la sessi\u00f3.<\/li><li>_utmv: cookie de Google Analytics utilitzada per a segmentar dades demogr\u00e0fiques. Caduca en finalitzar la sessi\u00f3.<\/li><li>_utmz: cookie de Google Analytics que emmagatzema la font de tr\u00e0nsit o una campanya per explicar com l&#8217;usuari va arribar al lloc web. Caduca als 6 mesos des de l&#8217;\u00faltima actualitzaci\u00f3.<\/li><\/ul><h3>\u00a0<\/h3><h4><strong>DESACTIVACI\u00d3 DE LES COOKIES<\/strong><\/h4><p>L&#8217;usuari pot, en qualsevol moment, permetre, bloquejar o eliminar les cookies instal\u00b7lades en el seu equip mitjan\u00e7ant la modificaci\u00f3 dels par\u00e0metres de configuraci\u00f3 del navegador instal\u00b7lat en el seu ordinador: La desactivaci\u00f3 de les cookies no impedeix la navegaci\u00f3 pel lloc web, encara que l&#8217;\u00fas d&#8217;alguns dels seus serveis podr\u00e0 ser limitat i, per tant, la seva experi\u00e8ncia de navegaci\u00f3 podr\u00e0 ser menys satisfact\u00f2ria. L&#8217;usuari podr\u00e0 retirar en qualsevol moment el seu consentiment relacionat amb la Pol\u00edtica de Cookies, i podr\u00e0 eliminar les cookies emmagatzemades en el seu equip a trav\u00e9s dels ajustos i configuracions del seu navegador d&#8217;Internet, indicats anteriorment.<\/p><p>\u00a0<\/p><h4><strong>COM ELIMINAR LES COOKIES<\/strong><\/h4><p>\u00a0<\/p><p><strong>Chrome <\/strong><\/p><ol><li>Seleccioneu la icona d&#8217;Eines<\/li><li>Feu clic a Configuraci\u00f3.<\/li><li>Fes clic a Mostra Opcions Avan\u00e7ades.<\/li><li>A la secci\u00f3 &#8220;Privadesa&#8221; feu clic a Configuraci\u00f3 de contingut.<ul><li>Suprimeix les galetes: Fes clic a Totes les galetes i dades del lloc &#8230;<\/li><li>No permetre que s&#8217;emmagatzemin cookies.<\/li><\/ul><\/li><li>5. Fes clic a Elimina les dades de navegaci\u00f3 (buidar la Mem\u00f2ria cau). 6. Tanca i reinicia el navegador.<\/li><\/ol><p>Per a m\u00e9s informaci\u00f3 sobre Chrome premi aqu\u00ed: <a href=\"http:\/\/support.google.com\/chrome\/answer\/95647?hl=es\" target=\"_blank\" rel=\"noopener noreferrer\">http:\/\/support.google.com\/chrome\/answer\/95647?hl=es<\/a><\/p><p>\u00a0<\/p><p><strong>Internet Explorer. Versi\u00f3 11<\/strong><\/p><ol><li>Selecciona Eines | Opcions d&#8217;Internet.<\/li><li>Fes clic a la pestanya General.<\/li><li>A la secci\u00f3 &#8220;Historial de navegaci\u00f3&#8221;, feu clic a Suprimeix l&#8217;historial d&#8217;exploraci\u00f3 al sortir.<\/li><li>Seleccionar Eliminar arxius.<\/li><li>Seleccionar Suprimeix les galetes.<\/li><li>Feu clic a Suprimeix.<\/li><li>Fes clic a D&#8217;acord.<\/li><li>Tanca i reinicia el navegador.<\/li><\/ol><p>Per a m\u00e9s informaci\u00f3 sobre Internet Explorer premi aqu\u00ed: <a href=\"http:\/\/windows.microsoft.com\/es-419\/windows7\/how-to-manage-cookies-in-internet-explorer-9\" target=\"_blank\" rel=\"noopener noreferrer\">http:\/\/windows.microsoft.com\/es-419\/windows7\/how-to-manage-cookies-in-internet-explorer-9<\/a><\/p><p>\u00a0<\/p><p><strong>Firefox. Versi\u00f3 18<\/strong><\/p><ol><li>Selecciona Firefox | Historial | Neteja l&#8217;historial recent.<\/li><li>Al costat de &#8220;Detalls&#8221;, fes clic a la fletxa cap avall.<\/li><li>Selecciona les seg\u00fcents caselles de verificaci\u00f3: galetes, Mem\u00f2ria cau, Inicis de sessi\u00f3 actius<\/li><li>Usant el &#8220;Per\u00edode de temps per esborrar&#8221; al men\u00fa desplegable, selecciona Tot.<\/li><li>Feu clic a Neteja ara.<\/li><li>Tanca i reinicia el navegador. Pot acceptar o rebutjar les galetes individualment en les Prefer\u00e8ncies de Firefox, a la secci\u00f3 Historial disponible a Eines&gt; Opcions&gt; Privadesa.<\/li><\/ol><p>Per a m\u00e9s informaci\u00f3 sobre Mozilla Firefox premi aqu\u00ed: <a href=\"https:\/\/www.mozilla.org\/es-ES\/privacy\/websites\/#cookies\" target=\"_blank\" rel=\"noopener noreferrer\">https:\/\/www.mozilla.org\/es-ES\/privacy\/websites\/#cookies<\/a><\/p><p>\u00a0<\/p><p><strong>Safari Versi\u00f3 5.1<\/strong><\/p><ol><li>Seleccioneu la icona de Safari \/ Edita | Restaura Safari.<\/li><li>Selecciona les seg\u00fcents caselles de verificaci\u00f3: Esborrar l&#8217;historial, Eliminar totes les dades de lloc web<\/li><li>Fes clic a Restablir.<\/li><li>Tanca i reinicia el navegador.<\/li><\/ol><p>Per a m\u00e9s informaci\u00f3 sobre Safari premi aqu\u00ed: <a href=\"http:\/\/support.apple.com\/kb\/PH5042\" target=\"_blank\" rel=\"noopener noreferrer\">http:\/\/support.apple.com\/kb\/PH5042<\/a><\/p><p>\u00a0<\/p><p><strong>Opera<\/strong><\/p><p>Opcions &#8211; Avan\u00e7at &#8211; Galetes.<\/p><p>Les opcions de cookies controlen la manera en qu\u00e8 Opera els maneja i per tant la seva acceptaci\u00f3 o rebuig.<\/p><p>Per a m\u00e9s informaci\u00f3 sobre \u00d2pera premi aqu\u00ed: <a href=\"http:\/\/help.opera.com\/Linux\/10.60\/es-ES\/cookies.html\" target=\"_blank\" rel=\"noopener noreferrer\">http:\/\/help.opera.com\/Linux\/10.60\/es-ES\/cookies.html<\/a><\/p><p>\u00a0<\/p><p><strong>Altres navegadors<\/strong><\/p><p>Consulteu la documentaci\u00f3 del navegador que tingui instal\u00b7lat.<\/p>\t\t\t\t\t\t\t\t<\/div>\n\t\t\t\t<\/div>\n\t\t\t\t\t<\/div>\n\t\t\t\t<\/div>\n\t\t\t\t<\/div>","protected":false},"excerpt":{"rendered":"<p>\u00a0 Pol\u00edtica de cookies \u00a0 INFORMACI\u00d3 SOBRE COOKIES \u00a0 A causa de l&#8217;entrada en vigor de la referent modificaci\u00f3 de la \u201cLlei de Serveis de la Societat de la Informaci\u00f3\u201d (LSSICE) establerta pel Reial decret 13\/2012, \u00e9s d&#8217;obligaci\u00f3 obtenir el consentiment expr\u00e9s de l&#8217;usuari de&#8230;<\/p>","protected":false},"author":1,"featured_media":0,"parent":0,"menu_order":0,"comment_status":"closed","ping_status":"closed","template":"","meta":{"content-type":"","footnotes":""},"class_list":["post-10633","page","type-page","status-publish","hentry"],"_links":{"self":[{"href":"https:\/\/onment.com\/es\/wp-json\/wp\/v2\/pages\/10633","targetHints":{"allow":["GET"]}}],"collection":[{"href":"https:\/\/onment.com\/es\/wp-json\/wp\/v2\/pages"}],"about":[{"href":"https:\/\/onment.com\/es\/wp-json\/wp\/v2\/types\/page"}],"author":[{"embeddable":true,"href":"https:\/\/onment.com\/es\/wp-json\/wp\/v2\/users\/1"}],"replies":[{"embeddable":true,"href":"https:\/\/onment.com\/es\/wp-json\/wp\/v2\/comments?post=10633"}],"version-history":[{"count":0,"href":"https:\/\/onment.com\/es\/wp-json\/wp\/v2\/pages\/10633\/revisions"}],"wp:attachment":[{"href":"https:\/\/onment.com\/es\/wp-json\/wp\/v2\/media?parent=10633"}],"curies":[{"name":"wp","href":"https:\/\/api.w.org\/{rel}","templated":true}]}}