{"id":10645,"date":"2025-03-12T09:40:22","date_gmt":"2025-03-12T08:40:22","guid":{"rendered":"https:\/\/onment.com\/?page_id=10645"},"modified":"2025-03-12T09:42:43","modified_gmt":"2025-03-12T08:42:43","slug":"politica-de-xarxes-socials","status":"publish","type":"page","link":"https:\/\/onment.com\/es\/politica-de-xarxes-socials\/","title":{"rendered":"Pol\u00edtica de Redes Sociales"},"content":{"rendered":"<div data-elementor-type=\"wp-page\" data-elementor-id=\"10645\" class=\"elementor elementor-10645\">\n\t\t\t\t<div class=\"elementor-element elementor-element-3158dd10 e-flex e-con-boxed parallax_section_no qode_elementor_container_no e-con e-parent\" data-id=\"3158dd10\" data-element_type=\"container\" data-e-type=\"container\" data-settings=\"{&quot;background_background&quot;:&quot;classic&quot;}\">\n\t\t\t\t\t<div class=\"e-con-inner\">\n\t\t\t\t<div class=\"elementor-element elementor-element-4f5115e elementor-widget elementor-widget-text-editor\" data-id=\"4f5115e\" data-element_type=\"widget\" data-e-type=\"widget\" data-widget_type=\"text-editor.default\">\n\t\t\t\t<div class=\"elementor-widget-container\">\n\t\t\t\t\t\t\t\t\t<div id=\"xarxes\"><h2><strong>Pol\u00edtica de Redes Sociales<\/strong><\/h2><p>\u00a0<\/p><h4><strong>1. Informaci\u00f3 sobre el responsable del tractament de les dades allotjades a la p\u00e0gina oficial de AIMI PSICOLOGIA SCP, a la xarxa social\u00a0<\/strong><\/h4><p>De conformitat en deure informaci\u00f3 establert en el Reglament (UE) 2016\/679 de 27 d&#8217;abril (GDPR) i la Llei Org\u00e0nica 3\/2018, de 5 de desembre (LOPDGDD), <strong>AIMI PSICOLOGIA SCP<\/strong>, en endavant, el <strong>RESPONSABLE<\/strong> desitja posar en coneixement dels usuaris d&#8217;aquesta xarxa social la pol\u00edtica respecte del tractament i protecci\u00f3 de les dades de car\u00e0cter personal d&#8217;aquelles persones que volunt\u00e0riament accedeixen i utilitzen la p\u00e0gina oficial del <strong>RESPONSABLE<\/strong>, en la mateixa. L&#8217;acc\u00e9s i \u00fas per l&#8217;usuari d&#8217;aquesta p\u00e0gina oficial del <strong>RESPONSABLE<\/strong>, suposa que accepta expressament aquesta pol\u00edtica de privacitat i que presta el seu consentiment per al tractament de les seves dades personals segons el que preveu la mateixa.<\/p><p>\u00a0<\/p><h4><strong>2. Dades de menors d&#8217;edat o incapa\u00e7os<\/strong><\/h4><p>L&#8217;acc\u00e9s i registre en aquesta xarxa social est\u00e0 prohibit als menors de catorze (14) anys, de manera que igualment queda prohibit l&#8217;acc\u00e9s i \u00fas dels menors de catorze (14 anys) a la p\u00e0gina oficial del <strong>RESPONSABLE<\/strong>, en la mateixa. Per la seva banda, si l&#8217;usuari \u00e9s incapa\u00e7, el <strong>RESPONSABLE<\/strong>, adverteix que ser\u00e0 necess\u00e0ria l&#8217;assist\u00e8ncia consentida del titular de la p\u00e0tria potestat o tutela de l&#8217;usuari o el seu representant legal per a l&#8217;acc\u00e9s i \u00fas d&#8217;aquesta p\u00e0gina oficial del <strong>RESPONSABLE<\/strong>.<br \/>El <strong>RESPONSABLE<\/strong>, quedar\u00e0 expressament exonerada de qualsevol responsabilitat que pogu\u00e9s derivar de l&#8217;\u00fas de la seva p\u00e0gina oficial per menors i incapa\u00e7os sent aquesta responsabilitat dels seus representants legals en cada cas.<\/p><h4>\u00a0<\/h4><h4><strong>3. Identificaci\u00f3 de la ra\u00f3 social del responsable del fitxer<\/strong><\/h4><p>L&#8217;usuari queda informat que el <strong>RESPONSABLE<\/strong>, amb domicili social a <strong>C\/ August, 13 &#8211; Entr. Despatx 6 43003 Tarragona (Tarragona)<\/strong>, ostenta la condici\u00f3 de responsable dels fitxers i tractaments a trav\u00e9s dels quals es recullen i emmagatzemen les dades personals de l&#8217;usuari com a conseq\u00fc\u00e8ncia del registre i \u00fas de la p\u00e0gina oficial del <strong>RESPONSABLE<\/strong>, en aquesta xarxa social , sense perjudici dels tractaments dels que \u00e9s responsable l&#8217;entitat titular de la xarxa social en qu\u00e8 es troba la nostra p\u00e0gina oficial.<\/p><p>\u00a0<\/p><h4><strong>4. Finalitats a qu\u00e8 es destinen les dades de car\u00e0cter personal , informaci\u00f3 i consentiment <\/strong><\/h4><p>Les dades personals proporcionades volunt\u00e0riament per l&#8217;usuari al RESPONSABLE, a trav\u00e9s de la seva p\u00e0gina oficial formaran part d&#8217;un tractament de dades responsabilitat del <strong>RESPONSABLE<\/strong>, amb la finalitat d&#8217;oferir informaci\u00f3 del <strong>RESPONSABLE<\/strong>, per correu electr\u00f2nic, fax, SMS, MMS, comunitats socials o qualssevol altre mitj\u00e0 electr\u00f2nic o f\u00edsic, present o futur, que possibiliti realitzar comunicaci\u00f3 comercials, enviament de newsletter a aquells usuaris que es subscriguin, intercanviar informaci\u00f3 amb el <strong>RESPONSABLE<\/strong>, i altres usuaris i establir comunicaci\u00f3 amb tercers.<br \/>Des del moment en qu\u00e8 l&#8217;usuari utilitza aquesta p\u00e0gina oficial presta el seu consentiment lliure, inequ\u00edvoc, espec\u00edfic, informat i expr\u00e9s per al tractament de les seves dades personals per al <strong>RESPONSABLE<\/strong>, per a la correcta prestaci\u00f3 d&#8217;aquests serveis d&#8217;acord amb el que estableix la present pol\u00edtica.<\/p><p>L&#8217;usuari \u00e9s lliure d&#8217;utilitzar la p\u00e0gina oficial del <strong>RESPONSABLE<\/strong>, en aquesta xarxa social, de manera que en cas que l&#8217;usuari no estigui d&#8217;acord amb el tractament de les seves dades amb aquestes finalitats, no ha d&#8217; utilitzar ni proporcionar les seves dades personals.<\/p><p>A trav\u00e9s d&#8217;aquesta p\u00e0gina oficial del <strong>RESPONSABLE<\/strong>, l&#8217;usuari pot compartir textos , fotos , v\u00eddeos i altre tipus d&#8217;informaci\u00f3 i\/o continguts que estaran subjectes tant a la present pol\u00edtica com a les Normes i Condicions de la Plataforma. L&#8217;usuari ser\u00e0 responsable de que tots els continguts que publiqui respectin la legislaci\u00f3 vigent, la present pol\u00edtica i les Normes de la Plataforma.<\/p><p>L&#8217;usuari \u00fanicament podr\u00e0 publicar en aquesta p\u00e0gina oficial del <strong>RESPONSABLE<\/strong>, dades personals, fotografies i informacions o altres continguts la titularitat i propietat li pertanyin o respecte de les quals tingui l&#8217;autoritzaci\u00f3 de tercers.<\/p><p>El <strong>RESPONSABLE<\/strong>, tindr\u00e0 dret a eliminar d&#8217;aquesta p\u00e0gina oficial &#8211; de forma unilateral i sense pr\u00e8via comunicaci\u00f3 ni autoritzaci\u00f3 de l&#8217;usuari- qualssevol continguts publicats per l&#8217;usuari quan l&#8217;usuari infringeixi o vulneri la legislaci\u00f3 vigent, les normes establertes en aquesta pol\u00edtica i les Normes de la Plataforma.<\/p><p>\u00a0<\/p><h4><strong>5. Identificaci\u00f3 dels destinataris respecte dels quals el RESPONSABLE tingui previst la realitzaci\u00f3 de cessions o comunicacions de dades.<\/strong><\/h4><p>S&#8217;adverteix a l&#8217;usuari que tota la informaci\u00f3 i continguts que publiqui a la p\u00e0gina oficial del <strong>RESPONSABLE<\/strong>, a la xarxa social podr\u00e0 ser coneguda pels restants usuaris de la p\u00e0gina oficial i de la plataforma de xarxa social. En conseq\u00fc\u00e8ncia,<br \/>tota la informaci\u00f3 i continguts publicats per l&#8217;usuari a la p\u00e0gina oficial del <strong>RESPONSABLE<\/strong>, en aquesta xarxa social ser\u00e0 objecte de comunicaci\u00f3 de la resta dels usuaris per la pr\u00f2pia naturalesa del servei.<\/p><p>El <strong>RESPONSABLE<\/strong>, \u00fanicament t\u00e9 prevista la realitzaci\u00f3 de cessions o comunicacions de dades que per ra\u00f3 de la normativa vigent hagi de realitzar a jutges, tribunals, administracions p\u00fabliques i autoritats competents de car\u00e0cter administratiu.<\/p><p>\u00a0<\/p><h4><strong>6. Altres tercers prestadors de serveis<\/strong><\/h4><p>El <strong>RESPONSABLE<\/strong>, adverteix l&#8217;usuari que aquesta entitat nom\u00e9s \u00e9s responsable i garanteix la confidencialitat, seguretat i tractament de les dades d&#8217;acord amb la present pol\u00edtica, respecte de les dades de car\u00e0cter personal que reculli l&#8217;usuari a trav\u00e9s de la present p\u00e0gina oficial en aquesta xarxa social, no tenint cap tipus de responsabilitat respecte dels tractaments i posteriors utilitzacions de les dades personals que es puguin efectuar tant pel titular de la xarxa social com per tercers prestadors de serveis de la societat de la informaci\u00f3 que poguessin accedir a aquestes dades per ra\u00f3 de la prestaci\u00f3 dels seus serveis o exercici de la seva activitat, tercers que estableixin hiperenlla\u00e7os a la xarxa social, ni d&#8217;aquells responsables a qui a trav\u00e9s d&#8217;hiperenlla\u00e7os el <strong>RESPONSABLE<\/strong>, remet als usuaris adherits a la present p\u00e0gina oficial.<\/p><p>\u00a0<\/p><h4><strong>7. Qualitat de les dades<\/strong><\/h4><p>El <strong>RESPONSABLE<\/strong>, adverteix l&#8217;usuari que, llevat l&#8217;exist\u00e8ncia d&#8217;una representaci\u00f3 legalment constitu\u00efda , cap usuari pot utilitzar la identitat d&#8217;una altra persona i comunicar les seves dades personals, de manera que l&#8217; usuari en tot moment haur\u00e0 de tenir en compte que nom\u00e9s pot proporcionar dades personals corresponents a la seva pr\u00f2pia identitat i que siguin adequades, pertinents, actuals, exactes i veritables. En qualsevol cas, l&#8217;usuari haur\u00e0 de respectar la privacitat de tercers, siguin aquests usuaris o no de la xarxa social o de la p\u00e0gina oficial del <strong>RESPONSABLE<\/strong>, en la mateixa.<\/p><p>\u00a0<\/p><h4><strong>8. Drets que assisteixen a l&#8217;Interessat:<\/strong><\/h4><ul><li>Dret a retirar el consentiment a qualsevol moment.<\/li><li>Dret d&#8217;acc\u00e9s, rectificaci\u00f3, portabilitat i supressi\u00f3 de les seves dades i a la limitaci\u00f3 o oposici\u00f3 al seu tractament.<\/li><li>Dret a presentar una reclamaci\u00f3 davant l&#8217;Autoritat de control (www.aepd.es.) si considera que el tractament no s&#8217;ajusta a la normativa vigent.<\/li><\/ul><p>\u00a0<\/p><h4><strong>9. Altra informaci\u00f3 d&#8217;inter\u00e8s<\/strong><\/h4><p>El <strong>RESPONSABLE<\/strong>, podr\u00e0 modificar i\/o substituir en qualsevol moment la present pol\u00edtica que, segons els casos, substituir\u00e0, completar\u00e0 i\/o modificar\u00e0 la actualment publicada aqu\u00ed recollida. Per aix\u00f2 l&#8217;usuari haur\u00e0 d&#8217;accedir peri\u00f2dicament a aquestes per tal de mantenir actualitzat.<\/p><p>\u00a0<\/p><p>L&#8217;usuari pot contactar amb el <strong>RESPONSABLE<\/strong>, mitjan\u00e7ant el servei de missatgeria interna de la xarxa social o a trav\u00e9s de les seg\u00fcents adreces i dades de contacte:<\/p><p>\u00a0<\/p><p><strong>AIMI PSICOLOGIA SCP<\/strong><br \/>C\/ August, 13 &#8211; Entr. Despatx 6 43003 Tarragona (Tarragona)<br \/>mireia.calvo@onment.com<\/p><p>\u00a0<\/p><p>Aix\u00ed mateix l&#8217; usuari pot consultar les normes i pol\u00edtiques publicades pel titular de la xarxa social per a l&#8217;\u00fas de la mateixa.<\/p><\/div>\t\t\t\t\t\t\t\t<\/div>\n\t\t\t\t<\/div>\n\t\t\t\t\t<\/div>\n\t\t\t\t<\/div>\n\t\t\t\t<\/div>","protected":false},"excerpt":{"rendered":"<p>Pol\u00edtica de Xarxes Socials \u00a0 1. Informaci\u00f3 sobre el responsable del tractament de les dades allotjades a la p\u00e0gina oficial de AIMI PSICOLOGIA SCP, a la xarxa social\u00a0 De conformitat en deure informaci\u00f3 establert en el Reglament (UE) 2016\/679 de 27 d&#8217;abril (GDPR) i la&#8230;<\/p>","protected":false},"author":1,"featured_media":0,"parent":0,"menu_order":0,"comment_status":"closed","ping_status":"closed","template":"","meta":{"content-type":"","footnotes":""},"class_list":["post-10645","page","type-page","status-publish","hentry"],"_links":{"self":[{"href":"https:\/\/onment.com\/es\/wp-json\/wp\/v2\/pages\/10645","targetHints":{"allow":["GET"]}}],"collection":[{"href":"https:\/\/onment.com\/es\/wp-json\/wp\/v2\/pages"}],"about":[{"href":"https:\/\/onment.com\/es\/wp-json\/wp\/v2\/types\/page"}],"author":[{"embeddable":true,"href":"https:\/\/onment.com\/es\/wp-json\/wp\/v2\/users\/1"}],"replies":[{"embeddable":true,"href":"https:\/\/onment.com\/es\/wp-json\/wp\/v2\/comments?post=10645"}],"version-history":[{"count":0,"href":"https:\/\/onment.com\/es\/wp-json\/wp\/v2\/pages\/10645\/revisions"}],"wp:attachment":[{"href":"https:\/\/onment.com\/es\/wp-json\/wp\/v2\/media?parent=10645"}],"curies":[{"name":"wp","href":"https:\/\/api.w.org\/{rel}","templated":true}]}}