{"id":11268,"date":"2025-04-14T13:37:22","date_gmt":"2025-04-14T11:37:22","guid":{"rendered":"https:\/\/onment.com\/?page_id=11268"},"modified":"2025-04-14T13:40:41","modified_gmt":"2025-04-14T11:40:41","slug":"declaracio-daccessibilitat","status":"publish","type":"page","link":"https:\/\/onment.com\/es\/declaracio-daccessibilitat\/","title":{"rendered":"Declaraci\u00f3 d&#8217;Accessibilitat"},"content":{"rendered":"<div data-elementor-type=\"wp-page\" data-elementor-id=\"11268\" class=\"elementor elementor-11268\">\n\t\t\t\t<div class=\"elementor-element elementor-element-3158dd10 e-flex e-con-boxed parallax_section_no qode_elementor_container_no e-con e-parent\" data-id=\"3158dd10\" data-element_type=\"container\" data-e-type=\"container\" data-settings=\"{&quot;background_background&quot;:&quot;classic&quot;}\">\n\t\t\t\t\t<div class=\"e-con-inner\">\n\t\t\t\t<div class=\"elementor-element elementor-element-4f5115e elementor-widget elementor-widget-text-editor\" data-id=\"4f5115e\" data-element_type=\"widget\" data-e-type=\"widget\" data-widget_type=\"text-editor.default\">\n\t\t\t\t<div class=\"elementor-widget-container\">\n\t\t\t\t\t\t\t\t\t<h2><strong>Declaraci\u00f3 d\u2019Accessibilitat de onment.com<\/strong><\/h2>\n\n<p>AIMI PSICOLOGIA SCP (ONMENT PSICOLOGIA) s\u2019ha comprom\u00e8s a fer accessible el seu lloc web de conformitat amb els criteris d\u2019accessibilitat del Programa Kit Digital, conforme als annexos de la norma UNE-EN 301 549:2022.<\/p>\n<p>La present declaraci\u00f3 d\u2019accessibilitat s\u2019aplica al lloc web <strong>www.onment.com<\/strong> (els subdominis d\u2019aquest lloc web tindran les seves pr\u00f2pies declaracions d\u2019accessibilitat, si escau).<\/p>\n\n<br>\n\n<h3><strong>Situaci\u00f3 de compliment<\/strong><\/h3>\n<p>Aquest lloc \u00e9s <strong>parcialment conforme<\/strong>, estant alguns aspectes d\u2019accessibilitat en proc\u00e9s de millora per garantir la plena adaptaci\u00f3.<\/p>\n\n<br>\n\n<h3><strong>Contingut no accessible<\/strong><\/h3>\n<p>El contingut seg\u00fcent no \u00e9s accessible pels motius seg\u00fcents:<\/p>\n<ul>\n  <li><strong>9.1.1.1 Contingut no textual:<\/strong> pot haver-hi imatges o elements gr\u00e0fics sense alternativa textual. S\u2019est\u00e0 treballant per corregir-ho.<\/li>\n  <li><strong>9.1.3.1 Informaci\u00f3 i relacions:<\/strong> l\u2019estructura i relacions visuals poden no ser detectades per tecnologies d\u2019assist\u00e8ncia. Tamb\u00e9 s\u2019est\u00e0 millorant aquest aspecte.<\/li>\n<\/ul>\n\n<br>\n\n<h3><strong>Preparaci\u00f3 de la present declaraci\u00f3<\/strong><\/h3>\n<p>Aquesta declaraci\u00f3 ha estat preparada el <strong>14 d\u2019abril de 2025<\/strong>, mitjan\u00e7ant una autoavaluaci\u00f3 duta a terme per AIMI PSICOLOGIA SCP amb el suport t\u00e8cnic d\u2019EqualWeb Digital Accessibility.<\/p>\n<p><strong>\u00daltima revisi\u00f3:<\/strong> 14 d\u2019abril de 2025<\/p>\n\n<br>\n\n<h3><strong>Observacions i dades de contacte<\/strong><\/h3>\n<p>Pot enviar comunicacions sobre accessibilitat com ara:<\/p>\n<ul>\n  <li>Informar d\u2019incompliments<\/li>\n  <li>Notificar dificultats d\u2019acc\u00e9s<\/li>\n  <li>Fer suggeriments de millora<\/li>\n<\/ul>\n<p><strong>Contacte:<\/strong><\/p>\n<ul>\n  <li><strong>Correu electr\u00f2nic:<\/strong> <a href=\"mailto:info@onment.com\">info@onment.com<\/a><\/li>\n  <li><strong>Adre\u00e7a:<\/strong> C\/ August, 13 \u2013 ENTLO 6, 43003 Tarragona<\/li>\n  <li><strong>Tel\u00e8fon:<\/strong> 649 212 320<\/li>\n<\/ul>\n\n<br>\n\n<h3><strong>Sol\u00b7licituds d\u2019informaci\u00f3 accessible i queixes<\/strong><\/h3>\n<p>Tamb\u00e9 pot sol\u00b7licitar informaci\u00f3 en format accessible o presentar una queixa formal si algun contingut no compleix els requisits d\u2019accessibilitat.<\/p>\n\n<br>\n\n<h3><strong>Procediment d\u2019aplicaci\u00f3<\/strong><\/h3>\n<p>Pot iniciar una reclamaci\u00f3 si no est\u00e0 conforme amb la resposta a una sol\u00b7licitud d\u2019accessibilitat. Aquesta es dirigir\u00e0 a la Unitat responsable d\u2019accessibilitat d\u2019AIMI PSICOLOGIA SCP.<\/p>\n\n<br>\n\n<h3><strong>Contingut opcional<\/strong><\/h3>\n<p>El lloc web:<\/p>\n<ul>\n  <li>S\u2019ha dissenyat seguint les WCAG 2.1 nivell AA.<\/li>\n  <li>\u00c9s compatible amb Chrome, Firefox, Safari, Edge i Opera.<\/li>\n  <li>T\u00e9 disseny responsive per a ordinador, tauleta i m\u00f2bil.<\/li>\n  <li>Utilitza tecnologies HTML5, CSS, JavaScript (ECMAScript 5), SVG i DOM.<\/li>\n  <li>Inclou l\u2019eina EqualWeb per facilitar l\u2019acc\u00e9s a persones amb discapacitat visual, auditiva, cognitiva o motora.<\/li>\n<\/ul>\n\t\t\t\t\t\t\t\t<\/div>\n\t\t\t\t<\/div>\n\t\t\t\t\t<\/div>\n\t\t\t\t<\/div>\n\t\t\t\t<\/div>","protected":false},"excerpt":{"rendered":"<p>Declaraci\u00f3 d\u2019Accessibilitat de onment.com AIMI PSICOLOGIA SCP (ONMENT PSICOLOGIA) s\u2019ha comprom\u00e8s a fer accessible el seu lloc web de conformitat amb els criteris d\u2019accessibilitat del Programa Kit Digital, conforme als annexos de la norma UNE-EN 301 549:2022. La present declaraci\u00f3 d\u2019accessibilitat s\u2019aplica al lloc web&#8230;<\/p>","protected":false},"author":1,"featured_media":0,"parent":0,"menu_order":0,"comment_status":"closed","ping_status":"closed","template":"","meta":{"content-type":"","footnotes":""},"class_list":["post-11268","page","type-page","status-publish","hentry"],"_links":{"self":[{"href":"https:\/\/onment.com\/es\/wp-json\/wp\/v2\/pages\/11268","targetHints":{"allow":["GET"]}}],"collection":[{"href":"https:\/\/onment.com\/es\/wp-json\/wp\/v2\/pages"}],"about":[{"href":"https:\/\/onment.com\/es\/wp-json\/wp\/v2\/types\/page"}],"author":[{"embeddable":true,"href":"https:\/\/onment.com\/es\/wp-json\/wp\/v2\/users\/1"}],"replies":[{"embeddable":true,"href":"https:\/\/onment.com\/es\/wp-json\/wp\/v2\/comments?post=11268"}],"version-history":[{"count":0,"href":"https:\/\/onment.com\/es\/wp-json\/wp\/v2\/pages\/11268\/revisions"}],"wp:attachment":[{"href":"https:\/\/onment.com\/es\/wp-json\/wp\/v2\/media?parent=11268"}],"curies":[{"name":"wp","href":"https:\/\/api.w.org\/{rel}","templated":true}]}}